{"id":804,"date":"2025-05-19T20:10:08","date_gmt":"2025-05-19T20:10:08","guid":{"rendered":"https:\/\/soignervotreanimalaunaturel.com\/?page_id=804"},"modified":"2025-05-19T21:45:55","modified_gmt":"2025-05-19T21:45:55","slug":"contact","status":"publish","type":"page","link":"https:\/\/soignervotreanimalaunaturel.com\/fr-ca\/contact\/","title":{"rendered":"Contact"},"content":{"rendered":"\t\t<div data-elementor-type=\"wp-page\" data-elementor-id=\"804\" class=\"elementor elementor-804\" data-elementor-post-type=\"page\">\n\t\t\t\t<div class=\"elementor-element elementor-element-0abae1e e-flex e-con-boxed e-con e-parent\" data-id=\"0abae1e\" data-element_type=\"container\">\n\t\t\t\t\t<div class=\"e-con-inner\">\n\t\t<div class=\"elementor-element elementor-element-857484b e-con-full e-flex e-con e-child\" data-id=\"857484b\" data-element_type=\"container\" data-settings=\"{&quot;background_background&quot;:&quot;classic&quot;}\">\n\t\t<div class=\"elementor-element elementor-element-7ef7e63 e-con-full e-flex e-con e-child\" data-id=\"7ef7e63\" data-element_type=\"container\">\n\t\t\t\t<div class=\"elementor-element elementor-element-535e2d6 elementor-hidden-tablet elementor-hidden-mobile elementor-widget elementor-widget-image\" data-id=\"535e2d6\" data-element_type=\"widget\" data-widget_type=\"image.default\">\n\t\t\t\t<div class=\"elementor-widget-container\">\n\t\t\t\t\t\t\t\t\t\t\t\t\t\t\t<img fetchpriority=\"high\" decoding=\"async\" width=\"1024\" height=\"576\" src=\"https:\/\/soignervotreanimalaunaturel.com\/wp-content\/uploads\/2025\/03\/photo-for-consultation-block.jpg\" class=\"attachment-full size-full wp-image-418\" alt=\"\" srcset=\"https:\/\/soignervotreanimalaunaturel.com\/wp-content\/uploads\/2025\/03\/photo-for-consultation-block.jpg 1024w, https:\/\/soignervotreanimalaunaturel.com\/wp-content\/uploads\/2025\/03\/photo-for-consultation-block-300x169.jpg 300w, https:\/\/soignervotreanimalaunaturel.com\/wp-content\/uploads\/2025\/03\/photo-for-consultation-block-768x432.jpg 768w\" sizes=\"(max-width: 1024px) 100vw, 1024px\" title=\"photo-for-consultation-block - Soigner Votre Animal Au Naturel\" \/>\t\t\t\t\t\t\t\t\t\t\t\t\t\t\t<\/div>\n\t\t\t\t<\/div>\n\t\t\t\t<\/div>\n\t\t<div class=\"elementor-element elementor-element-5b881ea e-con-full e-flex e-con e-child\" data-id=\"5b881ea\" data-element_type=\"container\">\n\t\t\t\t<div class=\"elementor-element elementor-element-8dafad2 elementor-widget elementor-widget-heading\" data-id=\"8dafad2\" data-element_type=\"widget\" data-widget_type=\"heading.default\">\n\t\t\t\t<div class=\"elementor-widget-container\">\n\t\t\t\t\t<h2 class=\"elementor-heading-title elementor-size-default\">Envoyez-nous un message maintenant !<\/h2>\t\t\t\t<\/div>\n\t\t\t\t<\/div>\n\t\t\t\t<div class=\"elementor-element elementor-element-fbfe3c4 elementor-widget elementor-widget-wpforms\" data-id=\"fbfe3c4\" data-element_type=\"widget\" data-widget_type=\"wpforms.default\">\n\t\t\t\t<div class=\"elementor-widget-container\">\n\t\t\t\t\t<style id=\"wpforms-css-vars-elementor-widget-fbfe3c4\">\n\t\t\t\t.elementor-widget-wpforms.elementor-element-fbfe3c4 {\n\t\t\t\t--wpforms-button-border-radius: 6px;\n--wpforms-button-background-color: #0D6E41;\n--wpforms-button-size-font-size: 20px;\n--wpforms-button-size-height: 48px;\n--wpforms-button-size-padding-h: 20px;\n--wpforms-button-size-margin-top: 15px;\n\n\t\t\t}\n\t\t\t<\/style><div class=\"wpforms-container wpforms-container-full wpforms-render-modern\" id=\"wpforms-806\"><form id=\"wpforms-form-806\" class=\"wpforms-validate wpforms-form wpforms-ajax-form\" data-formid=\"806\" method=\"post\" enctype=\"multipart\/form-data\" action=\"\/fr-ca\/wp-json\/wp\/v2\/pages\/804\" data-token=\"8237b499d7b5358d46542d40618619c7\" data-token-time=\"1776293558\"><noscript class=\"wpforms-error-noscript\">Please enable JavaScript in your browser to complete this form.<\/noscript><div class=\"wpforms-hidden\" id=\"wpforms-error-noscript\">Please enable JavaScript in your browser to complete this form.<\/div><div class=\"wpforms-field-container\">\t\t<div id=\"wpforms-806-field_4-container\"\n\t\t\tclass=\"wpforms-field wpforms-field-text\"\n\t\t\tdata-field-type=\"text\"\n\t\t\tdata-field-id=\"4\"\n\t\t\t>\n\t\t\t<label class=\"wpforms-field-label\" for=\"wpforms-806-field_4\" >Message Votre Nom<\/label>\n\t\t\t<input type=\"text\" id=\"wpforms-806-field_4\" class=\"wpforms-field-medium\" name=\"wpforms[fields][4]\" >\n\t\t<\/div>\n\t\t<div id=\"wpforms-806-field_1-container\" class=\"wpforms-field wpforms-field-name\" data-field-id=\"1\"><label class=\"wpforms-field-label\" for=\"wpforms-806-field_1\">Votre Nom <span class=\"wpforms-required-label\" aria-hidden=\"true\">*<\/span><\/label><input type=\"text\" id=\"wpforms-806-field_1\" class=\"wpforms-field-medium wpforms-field-required\" name=\"wpforms[fields][1]\" aria-errormessage=\"wpforms-806-field_1-error\" required><\/div><div id=\"wpforms-806-field_2-container\" class=\"wpforms-field wpforms-field-email\" data-field-id=\"2\"><label class=\"wpforms-field-label\" for=\"wpforms-806-field_2\">Votre Courriel <span class=\"wpforms-required-label\" aria-hidden=\"true\">*<\/span><\/label><input type=\"email\" id=\"wpforms-806-field_2\" class=\"wpforms-field-medium wpforms-field-required\" name=\"wpforms[fields][2]\" spellcheck=\"false\" aria-errormessage=\"wpforms-806-field_2-error\" required><\/div><div id=\"wpforms-806-field_3-container\" class=\"wpforms-field wpforms-field-textarea\" data-field-id=\"3\"><label class=\"wpforms-field-label\" for=\"wpforms-806-field_3\">Votre Message<\/label><textarea id=\"wpforms-806-field_3\" class=\"wpforms-field-medium\" name=\"wpforms[fields][3]\" aria-errormessage=\"wpforms-806-field_3-error\" ><\/textarea><\/div><script>\n\t\t\t\t( function() {\n\t\t\t\t\tconst style = document.createElement( 'style' );\n\t\t\t\t\tstyle.appendChild( document.createTextNode( '#wpforms-806-field_4-container { position: absolute !important; overflow: hidden !important; display: inline !important; height: 1px !important; width: 1px !important; z-index: -1000 !important; padding: 0 !important; } #wpforms-806-field_4-container input { visibility: hidden; } #wpforms-conversational-form-page #wpforms-806-field_4-container label { counter-increment: none; }' ) );\n\t\t\t\t\tdocument.head.appendChild( style );\n\t\t\t\t\tdocument.currentScript?.remove();\n\t\t\t\t} )();\n\t\t\t<\/script><\/div><!-- .wpforms-field-container --><div class=\"wpforms-recaptcha-container wpforms-is-recaptcha wpforms-is-recaptcha-type-v2\" ><div class=\"g-recaptcha\" data-sitekey=\"6Lf73U4rAAAAAK8PpaXsixpXentcxY_RkHRCtFoU\"><\/div><input type=\"text\" name=\"g-recaptcha-hidden\" class=\"wpforms-recaptcha-hidden\" style=\"position:absolute!important;clip:rect(0,0,0,0)!important;height:1px!important;width:1px!important;border:0!important;overflow:hidden!important;padding:0!important;margin:0!important;\" data-rule-recaptcha=\"1\"><\/div><div class=\"wpforms-submit-container\" ><input type=\"hidden\" name=\"wpforms[id]\" value=\"806\"><input type=\"hidden\" name=\"page_title\" value=\"\"><input type=\"hidden\" name=\"page_url\" value=\"https:\/\/soignervotreanimalaunaturel.com\/fr-ca\/wp-json\/wp\/v2\/pages\/804\"><input type=\"hidden\" name=\"url_referer\" value=\"\"><button type=\"submit\" name=\"wpforms[submit]\" id=\"wpforms-submit-806\" class=\"wpforms-submit\" data-alt-text=\"Envoi...\" data-submit-text=\"Envoy\u00e9\" aria-live=\"assertive\" value=\"wpforms-submit\">Envoy\u00e9<\/button><img decoding=\"async\" src=\"https:\/\/soignervotreanimalaunaturel.com\/wp-content\/plugins\/wpforms-lite\/assets\/images\/submit-spin.svg\" class=\"wpforms-submit-spinner\" style=\"display: none;\" width=\"26\" height=\"26\" alt=\"Loading\"><\/div><\/form><\/div>  <!-- .wpforms-container -->\t\t\t\t<\/div>\n\t\t\t\t<\/div>\n\t\t\t\t<\/div>\n\t\t\t\t<\/div>\n\t\t\t\t\t<\/div>\n\t\t\t\t<\/div>\n\t\t\t\t<\/div>\n\t\t","protected":false},"excerpt":{"rendered":"<p>Envoyez-nous un message maintenant ! Please enable JavaScript in your browser to complete this form.Please enable JavaScript in your browser to complete this form. Name * FirstLast Email *Message Submit<\/p>\n","protected":false},"author":2,"featured_media":0,"parent":0,"menu_order":0,"comment_status":"closed","ping_status":"closed","template":"","meta":{"_acf_changed":false,"om_disable_all_campaigns":false,"_monsterinsights_skip_tracking":false,"_monsterinsights_sitenote_active":false,"_monsterinsights_sitenote_note":"","_monsterinsights_sitenote_category":0,"_themeisle_gutenberg_block_has_review":false,"footnotes":""},"class_list":["post-804","page","type-page","status-publish","hentry"],"acf":[],"aioseo_notices":[],"aioseo_head":"\n\t\t<!-- All in One SEO Pro 4.9.6 - aioseo.com -->\n\t<meta name=\"description\" content=\"Envoyez-nous un message maintenant ! Please enable JavaScript in your browser to complete this form.Please enable JavaScript in your browser to complete this form.Votre Nom * Courriel Votre Message Votre Courriel *Votre MessageEnvoy\u00e9\" \/>\n\t<meta name=\"robots\" content=\"max-image-preview:large\" \/>\n\t<link rel=\"canonical\" href=\"https:\/\/soignervotreanimalaunaturel.com\/fr-ca\/contact\/\" \/>\n\t<meta name=\"generator\" content=\"All in One SEO Pro (AIOSEO) 4.9.6\" \/>\n\t\t<meta property=\"og:locale\" content=\"fr_CA\" \/>\n\t\t<meta property=\"og:site_name\" content=\"Soigner Votre Animal Au Naturel - Comment Soigner votre Chien ou Chat Naturellement\" \/>\n\t\t<meta property=\"og:type\" content=\"article\" \/>\n\t\t<meta property=\"og:title\" content=\"Contact - Soigner Votre Animal Au Naturel\" \/>\n\t\t<meta property=\"og:description\" content=\"Envoyez-nous un message maintenant ! Please enable JavaScript in your browser to complete this form.Please enable JavaScript in your browser to complete this form.Votre Nom * Courriel Votre Message Votre Courriel *Votre MessageEnvoy\u00e9\" \/>\n\t\t<meta property=\"og:url\" content=\"https:\/\/soignervotreanimalaunaturel.com\/fr-ca\/contact\/\" \/>\n\t\t<meta property=\"og:image\" content=\"https:\/\/soignervotreanimalaunaturel.com\/wp-content\/uploads\/2024\/09\/svaan-logo-img.webp\" \/>\n\t\t<meta property=\"og:image:secure_url\" content=\"https:\/\/soignervotreanimalaunaturel.com\/wp-content\/uploads\/2024\/09\/svaan-logo-img.webp\" \/>\n\t\t<meta property=\"article:published_time\" content=\"2025-05-19T20:10:08+00:00\" \/>\n\t\t<meta property=\"article:modified_time\" content=\"2025-05-19T21:45:55+00:00\" \/>\n\t\t<meta name=\"twitter:card\" content=\"summary_large_image\" \/>\n\t\t<meta name=\"twitter:title\" content=\"Contact - Soigner Votre Animal Au Naturel\" \/>\n\t\t<meta name=\"twitter:description\" content=\"Envoyez-nous un message maintenant ! Please enable JavaScript in your browser to complete this form.Please enable JavaScript in your browser to complete this form.Votre Nom * Courriel Votre Message Votre Courriel *Votre MessageEnvoy\u00e9\" \/>\n\t\t<meta name=\"twitter:image\" content=\"https:\/\/soignervotreanimalaunaturel.com\/wp-content\/uploads\/2024\/09\/svaan-logo-img.webp\" \/>\n\t\t<script type=\"application\/ld+json\" class=\"aioseo-schema\">\n\t\t\t{\"@context\":\"https:\\\/\\\/schema.org\",\"@graph\":[{\"@type\":\"BreadcrumbList\",\"@id\":\"https:\\\/\\\/soignervotreanimalaunaturel.com\\\/fr-ca\\\/contact\\\/#breadcrumblist\",\"itemListElement\":[{\"@type\":\"ListItem\",\"@id\":\"https:\\\/\\\/soignervotreanimalaunaturel.com\\\/fr-ca\\\/#listItem\",\"position\":1,\"name\":\"Home\",\"item\":\"https:\\\/\\\/soignervotreanimalaunaturel.com\\\/fr-ca\\\/\",\"nextItem\":{\"@type\":\"ListItem\",\"@id\":\"https:\\\/\\\/soignervotreanimalaunaturel.com\\\/fr-ca\\\/contact\\\/#listItem\",\"name\":\"Contact\"}},{\"@type\":\"ListItem\",\"@id\":\"https:\\\/\\\/soignervotreanimalaunaturel.com\\\/fr-ca\\\/contact\\\/#listItem\",\"position\":2,\"name\":\"Contact\",\"previousItem\":{\"@type\":\"ListItem\",\"@id\":\"https:\\\/\\\/soignervotreanimalaunaturel.com\\\/fr-ca\\\/#listItem\",\"name\":\"Home\"}}]},{\"@type\":\"Organization\",\"@id\":\"https:\\\/\\\/soignervotreanimalaunaturel.com\\\/fr-ca\\\/#organization\",\"name\":\"Soigner Votre Animal Au Naturel\",\"description\":\"Explorez ce site pour d\\u00e9couvrir les divers soins naturels possibles pour une maladie sp\\u00e9cifique ou pour trouver de l\\u2019information sur l\\u2019alimentation naturelle et les suppl\\u00e9ments. Ces recommandations pratiques permettront d\\u2019offrir \\u00e0 votre compagnon des soins naturels adapt\\u00e9s \\u00e0 ses besoins !\",\"url\":\"https:\\\/\\\/soignervotreanimalaunaturel.com\\\/fr-ca\\\/\",\"logo\":{\"@type\":\"ImageObject\",\"url\":\"https:\\\/\\\/soignervotreanimalaunaturel.com\\\/wp-content\\\/uploads\\\/2024\\\/09\\\/svaan-logo-img.webp\",\"@id\":\"https:\\\/\\\/soignervotreanimalaunaturel.com\\\/fr-ca\\\/contact\\\/#organizationLogo\",\"width\":800,\"height\":137,\"caption\":\"svaan-logo-img\"},\"image\":{\"@id\":\"https:\\\/\\\/soignervotreanimalaunaturel.com\\\/fr-ca\\\/contact\\\/#organizationLogo\"}},{\"@type\":\"WebPage\",\"@id\":\"https:\\\/\\\/soignervotreanimalaunaturel.com\\\/fr-ca\\\/contact\\\/#webpage\",\"url\":\"https:\\\/\\\/soignervotreanimalaunaturel.com\\\/fr-ca\\\/contact\\\/\",\"name\":\"Contact - Soigner Votre Animal Au Naturel\",\"description\":\"Envoyez-nous un message maintenant ! Please enable JavaScript in your browser to complete this form.Please enable JavaScript in your browser to complete this form.Votre Nom * Courriel Votre Message Votre Courriel *Votre MessageEnvoy\\u00e9\",\"inLanguage\":\"fr-CA\",\"isPartOf\":{\"@id\":\"https:\\\/\\\/soignervotreanimalaunaturel.com\\\/fr-ca\\\/#website\"},\"breadcrumb\":{\"@id\":\"https:\\\/\\\/soignervotreanimalaunaturel.com\\\/fr-ca\\\/contact\\\/#breadcrumblist\"},\"datePublished\":\"2025-05-19T20:10:08-04:00\",\"dateModified\":\"2025-05-19T21:45:55-04:00\"},{\"@type\":\"WebSite\",\"@id\":\"https:\\\/\\\/soignervotreanimalaunaturel.com\\\/fr-ca\\\/#website\",\"url\":\"https:\\\/\\\/soignervotreanimalaunaturel.com\\\/fr-ca\\\/\",\"name\":\"Soigner Votre Animal Au Naturel\",\"description\":\"Comment Soigner votre Chien ou Chat Naturellement\",\"inLanguage\":\"fr-CA\",\"publisher\":{\"@id\":\"https:\\\/\\\/soignervotreanimalaunaturel.com\\\/fr-ca\\\/#organization\"}}]}\n\t\t<\/script>\n\t\t<!-- All in One SEO Pro -->\r\n\t\t<title>Contact - Soigner Votre Animal Au Naturel<\/title>\n\n","aioseo_head_json":{"title":"Contact - Soigner Votre Animal Au Naturel","description":"Envoyez-nous un message maintenant ! Please enable JavaScript in your browser to complete this form.Please enable JavaScript in your browser to complete this form.Votre Nom * Courriel Votre Message Votre Courriel *Votre MessageEnvoy\u00e9","canonical_url":"https:\/\/soignervotreanimalaunaturel.com\/fr-ca\/contact\/","robots":"max-image-preview:large","keywords":"","webmasterTools":{"miscellaneous":""},"schema":{"@context":"https:\/\/schema.org","@graph":[{"@type":"BreadcrumbList","@id":"https:\/\/soignervotreanimalaunaturel.com\/fr-ca\/contact\/#breadcrumblist","itemListElement":[{"@type":"ListItem","@id":"https:\/\/soignervotreanimalaunaturel.com\/fr-ca\/#listItem","position":1,"name":"Home","item":"https:\/\/soignervotreanimalaunaturel.com\/fr-ca\/","nextItem":{"@type":"ListItem","@id":"https:\/\/soignervotreanimalaunaturel.com\/fr-ca\/contact\/#listItem","name":"Contact"}},{"@type":"ListItem","@id":"https:\/\/soignervotreanimalaunaturel.com\/fr-ca\/contact\/#listItem","position":2,"name":"Contact","previousItem":{"@type":"ListItem","@id":"https:\/\/soignervotreanimalaunaturel.com\/fr-ca\/#listItem","name":"Home"}}]},{"@type":"Organization","@id":"https:\/\/soignervotreanimalaunaturel.com\/fr-ca\/#organization","name":"Soigner Votre Animal Au Naturel","description":"Explorez ce site pour d\u00e9couvrir les divers soins naturels possibles pour une maladie sp\u00e9cifique ou pour trouver de l\u2019information sur l\u2019alimentation naturelle et les suppl\u00e9ments. Ces recommandations pratiques permettront d\u2019offrir \u00e0 votre compagnon des soins naturels adapt\u00e9s \u00e0 ses besoins !","url":"https:\/\/soignervotreanimalaunaturel.com\/fr-ca\/","logo":{"@type":"ImageObject","url":"https:\/\/soignervotreanimalaunaturel.com\/wp-content\/uploads\/2024\/09\/svaan-logo-img.webp","@id":"https:\/\/soignervotreanimalaunaturel.com\/fr-ca\/contact\/#organizationLogo","width":800,"height":137,"caption":"svaan-logo-img"},"image":{"@id":"https:\/\/soignervotreanimalaunaturel.com\/fr-ca\/contact\/#organizationLogo"}},{"@type":"WebPage","@id":"https:\/\/soignervotreanimalaunaturel.com\/fr-ca\/contact\/#webpage","url":"https:\/\/soignervotreanimalaunaturel.com\/fr-ca\/contact\/","name":"Contact - Soigner Votre Animal Au Naturel","description":"Envoyez-nous un message maintenant ! Please enable JavaScript in your browser to complete this form.Please enable JavaScript in your browser to complete this form.Votre Nom * Courriel Votre Message Votre Courriel *Votre MessageEnvoy\u00e9","inLanguage":"fr-CA","isPartOf":{"@id":"https:\/\/soignervotreanimalaunaturel.com\/fr-ca\/#website"},"breadcrumb":{"@id":"https:\/\/soignervotreanimalaunaturel.com\/fr-ca\/contact\/#breadcrumblist"},"datePublished":"2025-05-19T20:10:08-04:00","dateModified":"2025-05-19T21:45:55-04:00"},{"@type":"WebSite","@id":"https:\/\/soignervotreanimalaunaturel.com\/fr-ca\/#website","url":"https:\/\/soignervotreanimalaunaturel.com\/fr-ca\/","name":"Soigner Votre Animal Au Naturel","description":"Comment Soigner votre Chien ou Chat Naturellement","inLanguage":"fr-CA","publisher":{"@id":"https:\/\/soignervotreanimalaunaturel.com\/fr-ca\/#organization"}}]},"og:locale":"fr_CA","og:site_name":"Soigner Votre Animal Au Naturel - Comment Soigner votre Chien ou Chat Naturellement","og:type":"article","og:title":"Contact - Soigner Votre Animal Au Naturel","og:description":"Envoyez-nous un message maintenant ! Please enable JavaScript in your browser to complete this form.Please enable JavaScript in your browser to complete this form.Votre Nom * Courriel Votre Message Votre Courriel *Votre MessageEnvoy\u00e9","og:url":"https:\/\/soignervotreanimalaunaturel.com\/fr-ca\/contact\/","og:image":"https:\/\/soignervotreanimalaunaturel.com\/wp-content\/uploads\/2024\/09\/svaan-logo-img.webp","og:image:secure_url":"https:\/\/soignervotreanimalaunaturel.com\/wp-content\/uploads\/2024\/09\/svaan-logo-img.webp","article:published_time":"2025-05-19T20:10:08+00:00","article:modified_time":"2025-05-19T21:45:55+00:00","twitter:card":"summary_large_image","twitter:title":"Contact - Soigner Votre Animal Au Naturel","twitter:description":"Envoyez-nous un message maintenant ! Please enable JavaScript in your browser to complete this form.Please enable JavaScript in your browser to complete this form.Votre Nom * Courriel Votre Message Votre Courriel *Votre MessageEnvoy\u00e9","twitter:image":"https:\/\/soignervotreanimalaunaturel.com\/wp-content\/uploads\/2024\/09\/svaan-logo-img.webp"},"aioseo_meta_data":{"post_id":"804","title":null,"description":null,"keywords":null,"keyphrases":null,"primary_term":null,"canonical_url":null,"og_title":null,"og_description":null,"og_object_type":"default","og_image_type":"default","og_image_url":null,"og_image_width":null,"og_image_height":null,"og_image_custom_url":null,"og_image_custom_fields":null,"og_video":"","og_custom_url":null,"og_article_section":null,"og_article_tags":null,"twitter_use_og":false,"twitter_card":"default","twitter_image_type":"default","twitter_image_url":null,"twitter_image_custom_url":null,"twitter_image_custom_fields":null,"twitter_title":null,"twitter_description":null,"schema":{"blockGraphs":[],"customGraphs":[],"default":{"data":{"Article":[],"Course":[],"Dataset":[],"FAQPage":[],"Movie":[],"Person":[],"Product":[],"ProductReview":[],"Car":[],"Recipe":[],"Service":[],"SoftwareApplication":[],"WebPage":[]},"graphName":"","isEnabled":true},"graphs":[]},"schema_type":"default","schema_type_options":null,"pillar_content":false,"robots_default":true,"robots_noindex":false,"robots_noarchive":false,"robots_nosnippet":false,"robots_nofollow":false,"robots_noimageindex":false,"robots_noodp":false,"robots_notranslate":false,"robots_max_snippet":"-1","robots_max_videopreview":"-1","robots_max_imagepreview":"large","priority":null,"frequency":"default","local_seo":null,"seo_analyzer_scan_date":"2025-10-10 01:26:26","breadcrumb_settings":null,"limit_modified_date":false,"reviewed_by":null,"open_ai":null,"ai":null,"created":"2025-05-19 15:11:00","updated":"2025-10-22 04:26:11"},"aioseo_breadcrumb":"<div class=\"aioseo-breadcrumbs\"><span class=\"aioseo-breadcrumb\">\n\t<a href=\"https:\/\/soignervotreanimalaunaturel.com\/fr-ca\/\" title=\"Home\">Home<\/a>\n<\/span><span class=\"aioseo-breadcrumb-separator\">&raquo;<\/span><span class=\"aioseo-breadcrumb\">\n\tContact\n<\/span><\/div>","aioseo_breadcrumb_json":[{"label":"Home","link":"https:\/\/soignervotreanimalaunaturel.com\/fr-ca\/"},{"label":"Contact","link":"https:\/\/soignervotreanimalaunaturel.com\/fr-ca\/contact\/"}],"_links":{"self":[{"href":"https:\/\/soignervotreanimalaunaturel.com\/fr-ca\/wp-json\/wp\/v2\/pages\/804","targetHints":{"allow":["GET"]}}],"collection":[{"href":"https:\/\/soignervotreanimalaunaturel.com\/fr-ca\/wp-json\/wp\/v2\/pages"}],"about":[{"href":"https:\/\/soignervotreanimalaunaturel.com\/fr-ca\/wp-json\/wp\/v2\/types\/page"}],"author":[{"embeddable":true,"href":"https:\/\/soignervotreanimalaunaturel.com\/fr-ca\/wp-json\/wp\/v2\/users\/2"}],"replies":[{"embeddable":true,"href":"https:\/\/soignervotreanimalaunaturel.com\/fr-ca\/wp-json\/wp\/v2\/comments?post=804"}],"version-history":[{"count":11,"href":"https:\/\/soignervotreanimalaunaturel.com\/fr-ca\/wp-json\/wp\/v2\/pages\/804\/revisions"}],"predecessor-version":[{"id":867,"href":"https:\/\/soignervotreanimalaunaturel.com\/fr-ca\/wp-json\/wp\/v2\/pages\/804\/revisions\/867"}],"wp:attachment":[{"href":"https:\/\/soignervotreanimalaunaturel.com\/fr-ca\/wp-json\/wp\/v2\/media?parent=804"}],"curies":[{"name":"wp","href":"https:\/\/api.w.org\/{rel}","templated":true}]}}